{"id":7,"date":"2020-05-07T21:53:59","date_gmt":"2020-05-07T21:53:59","guid":{"rendered":"http:\/\/magister.inf.udec.cl\/?page_id=7"},"modified":"2023-07-04T17:50:31","modified_gmt":"2023-07-04T17:50:31","slug":"contact","status":"publish","type":"page","link":"https:\/\/magister.inf.udec.cl\/index.php\/contact\/","title":{"rendered":"CONTACTO"},"content":{"rendered":"\n<h4>Director del Programa<\/h4>\n\n\n\n<div class=\"wp-container-1 wp-block-group\"><div class=\"wp-block-group__inner-container\">\n<p class=\"has-background\" style=\"background-color:#e7e7e7\">Julio Godoy del Campo<br>+56 41 220 3574<br>jugodoy@inf.udec.cl<br>Departamento de Ingenier\u00eda Inform\u00e1tica y Ciencias de la Computaci\u00f3n (DIICC)<br>Oficina 305, 3er Piso, Edificio Facultad de Ingenier\u00eda<br>Edmundo Larenas 219, 4070409 Concepci\u00f3n, Chile<\/p>\n\n\n\n<p><\/p>\n<\/div><\/div>\n\n\n\n<h4>Secretaria del Programa<\/h4>\n\n\n\n<p class=\"has-background\" style=\"background-color:#e7e7e7\">Johanna \u00c1vila<br>+56 41 220 4305<br><img src=\"http:\/\/magister.inf.udec.cl\/wp-content\/uploads\/2020\/05\/adminMail.png\" alt=\"\"><br>Departamento de Ingenier\u00eda Inform\u00e1tica y Ciencias de la Computaci\u00f3n (DIICC)<br>Oficina 301, 3er Piso, Edificio Facultad de Ingenier\u00eda<br>Edmundo Larenas 219, 4070409 Concepci\u00f3n, Chile<\/p>\n\n\n\n<p><\/p>\n","protected":false},"excerpt":{"rendered":"<p>Director del Programa Julio Godoy del Campo+56 41 220 3574jugodoy@inf.udec.clDepartamento de Ingenier\u00eda Inform\u00e1tica y Ciencias de la Computaci\u00f3n (DIICC)Oficina 305, 3er Piso, Edificio Facultad de&hellip;<\/p>\n","protected":false},"author":1,"featured_media":0,"parent":0,"menu_order":0,"comment_status":"closed","ping_status":"closed","template":"","meta":[],"_links":{"self":[{"href":"https:\/\/magister.inf.udec.cl\/index.php\/wp-json\/wp\/v2\/pages\/7"}],"collection":[{"href":"https:\/\/magister.inf.udec.cl\/index.php\/wp-json\/wp\/v2\/pages"}],"about":[{"href":"https:\/\/magister.inf.udec.cl\/index.php\/wp-json\/wp\/v2\/types\/page"}],"author":[{"embeddable":true,"href":"https:\/\/magister.inf.udec.cl\/index.php\/wp-json\/wp\/v2\/users\/1"}],"replies":[{"embeddable":true,"href":"https:\/\/magister.inf.udec.cl\/index.php\/wp-json\/wp\/v2\/comments?post=7"}],"version-history":[{"count":8,"href":"https:\/\/magister.inf.udec.cl\/index.php\/wp-json\/wp\/v2\/pages\/7\/revisions"}],"predecessor-version":[{"id":324,"href":"https:\/\/magister.inf.udec.cl\/index.php\/wp-json\/wp\/v2\/pages\/7\/revisions\/324"}],"wp:attachment":[{"href":"https:\/\/magister.inf.udec.cl\/index.php\/wp-json\/wp\/v2\/media?parent=7"}],"curies":[{"name":"wp","href":"https:\/\/api.w.org\/{rel}","templated":true}]}}