{"id":44,"date":"2020-05-27T18:12:14","date_gmt":"2020-05-27T18:12:14","guid":{"rendered":"http:\/\/magister.inf.udec.cl\/?page_id=44"},"modified":"2022-11-04T16:50:22","modified_gmt":"2022-11-04T16:50:22","slug":"planestudios","status":"publish","type":"page","link":"https:\/\/magister.inf.udec.cl\/index.php\/planestudios\/","title":{"rendered":"PLAN DE ESTUDIOS"},"content":{"rendered":"\n<p>El desarrollo del Programa de Mag\u00edster en Ciencias de la Computaci\u00f3n exige la realizaci\u00f3n de 120 cr\u00e9ditos SCT, distribuidos en asignaturas b\u00e1sicas, de especializaci\u00f3n electivas, complementarias y actividades de desarrollo de tesis.<\/p>\n\n\n\n<h3>Malla del Plan de Estudios<\/h3>\n\n\n\n<h3 class=\"has-text-align-center\"><img loading=\"lazy\" width=\"792\" height=\"266\" class=\"wp-image-151\" style=\"width: 1000px;\" src=\"http:\/\/magister.inf.udec.cl\/wp-content\/uploads\/2020\/06\/mallaMagister.png\" alt=\"\" srcset=\"https:\/\/magister.inf.udec.cl\/wp-content\/uploads\/2020\/06\/mallaMagister.png 792w, https:\/\/magister.inf.udec.cl\/wp-content\/uploads\/2020\/06\/mallaMagister-300x101.png 300w, https:\/\/magister.inf.udec.cl\/wp-content\/uploads\/2020\/06\/mallaMagister-768x258.png 768w\" sizes=\"(max-width: 792px) 100vw, 792px\" \/><\/h3>\n\n\n\n<h3>Requisitos de Graduaci\u00f3n<\/h3>\n\n\n\n<p>Los requisitos para obtener el Grado de&nbsp;<strong>Mag\u00edster&nbsp;en Ciencias de la Computaci\u00f3n<\/strong>&nbsp;son los siguientes:<\/p>\n\n\n\n<ul><li>La realizaci\u00f3n de 60 cr\u00e9ditos SCT&nbsp; distribuidos en:<ul><li>Tres (3) asignaturas b\u00e1sicas (30 SCT ).<\/li><li>Cuatro (4) asignaturas de especializaci\u00f3n electivas (24 SCT ).<\/li><li>Una (1) asignatura complementaria (6 SCT).<\/li><\/ul><\/li><li>Proyecto de Tesis.<\/li><li>Acreditar dominio del ingl\u00e9s a nivel instrumental.<\/li><li>Defensa de Tesis.<\/li><li>Haber enviado&nbsp;una publicaci\u00f3n cient\u00edfica.<\/li><li>Haber completado&nbsp;sus&nbsp;estudios en&nbsp;2 a\u00f1os, m\u00e1s&nbsp;un a\u00f1o de pr\u00f3rroga opcional como m\u00e1ximo.<\/li><\/ul>\n\n\n\n<h3>Informaci\u00f3n Sobre las Asignaturas<\/h3>\n\n\n\n<h4>Asignaturas B\u00e1sicas<\/h4>\n\n\n\n<p>Las asignaturas b\u00e1sicas conforman un n\u00facleo com\u00fan de conocimientos para&nbsp;todos los graduados del Programa.&nbsp;&nbsp;<\/p>\n\n\n\n<figure class=\"wp-block-table\"><table><thead><tr><th><strong>Asignatura<\/strong><\/th><th>Semestre<\/th><th><strong>Tipo<\/strong><\/th><th><strong>Cr\u00e9ditos UdeC<\/strong><\/th><th><strong>Cr\u00e9ditos SCT<\/strong><\/th><\/tr><\/thead><tbody><tr><td><a href=\"http:\/\/magister.inf.udec.cl\/wp-content\/uploads\/2022\/11\/Fundamentos_Estructuras_de_datos_y_Algoritmos.pdf\">Fundamentos de Estructuras de Datos y Algoritmos<\/a><\/td><td>1er semestre<\/td><td>B\u00e1sica<\/td><td>6<\/td><td>12<\/td><\/tr><tr><td><a href=\"http:\/\/magister.inf.udec.cl\/wp-content\/uploads\/2022\/11\/FundamentosTeoria.pdf\">Fundamentos de Teor\u00eda de Computaci\u00f3n<\/a><\/td><td>1er semestre<\/td><td>B\u00e1sica&nbsp;<\/td><td>6<\/td><td>12<\/td><\/tr><tr><td><a href=\"http:\/\/magister.inf.udec.cl\/wp-content\/uploads\/2022\/11\/Metodos_Investigacion.pdf\">M\u00e9todos de Investigaci\u00f3n<\/a><\/td><td>2do semestre<\/td><td>Seminario<\/td><td>3<\/td><td>6<\/td><\/tr><tr><td>Proyecto de Tesis<\/td><td><\/td><td>Terminal<\/td><td>&nbsp;<\/td><td>30<\/td><\/tr><tr><td>Tesis de grado<\/td><td><\/td><td>Terminal<\/td><td>&nbsp;<\/td><td>30<\/td><\/tr><\/tbody><\/table><\/figure>\n\n\n\n<h4>&nbsp;Asignaturas de Especializaci\u00f3n<strong>&nbsp;<\/strong><\/h4>\n\n\n\n<p>Las asignaturas de&nbsp;especializaci\u00f3n, de car\u00e1cter electivo, se orientan a una especialidad dentro de las l\u00edneas de investigaci\u00f3n y desarrollo del programa.Se debe cursar un total de 24<em>&nbsp;cr\u00e9ditos SCT<\/em>(4 asignaturas) electivos. Los cursos electivos vigentes son:<\/p>\n\n\n\n<figure class=\"wp-block-table\"><table><thead><tr><th><strong>Asignatura<\/strong><\/th><th><strong>L\u00ednea<\/strong><\/th><th><strong>\u00daltima vez dictada<\/strong><\/th><th><strong>Pr\u00f3xima vez en dictarse<\/strong><\/th><th><strong>Cr\u00e9ditos UdeC<\/strong><\/th><th><strong>Cr\u00e9ditos SCT<\/strong><\/th><\/tr><\/thead><tbody><tr><td><a href=\"http:\/\/magister.inf.udec.cl\/wp-content\/uploads\/2022\/11\/BasesDeDatosEspaciales.pdf\">Bases de Datos Espaciales y Sistemas de Informaci\u00f3n Geogr\u00e1fica<\/a><\/td><td>Sistemas de Informaci\u00f3n<\/td><td>2-2021<\/td><td>2-2022 (Por confirmar)<\/td><td>3<\/td><td>6<\/td><\/tr><tr><td><a href=\"http:\/\/magister.inf.udec.cl\/wp-content\/uploads\/2022\/11\/Programa-Desarrollo-de-Software-Dirigido-por-Modelos.pdf\">Desarrollo de Software Dirigido por Modelos<\/a><\/td><td>Sistemas de Informaci\u00f3n<\/td><td>2-2021<\/td><td>2-2022<\/td><td>3<\/td><td>6<\/td><\/tr><tr><td><a href=\"http:\/\/magister.inf.udec.cl\/wp-content\/uploads\/2022\/11\/Topicos-en-Manejo-de-Grandes-Volumenes-De-Datos.pdf\">T\u00f3picos en manejo de Grandes Vol\u00famenes de Datos<\/a><\/td><td>Sistemas de Informaci\u00f3n<\/td><td>2-2021<\/td><td>2-2022<\/td><td>3<\/td><td>6<\/td><\/tr><tr><td><a href=\"http:\/\/magister.inf.udec.cl\/wp-content\/uploads\/2022\/11\/Interfaces-de-Usuario-en-Sistemas-Software.pdf\">Interfaces de Usuario en Sistemas Software<\/a><\/td><td>Sistemas de Informaci\u00f3n<\/td><td>1-2021<\/td><td>1-2022<\/td><td>3<\/td><td>6<\/td><\/tr><tr><td>Redes Neuronales Artificiales<\/td><td>Sistemas Inteligentes<\/td><td>1-2021<\/td><td>1-2022 (Por confirmar)<\/td><td>3<\/td><td>6<\/td><\/tr><tr><td><a href=\"http:\/\/magister.inf.udec.cl\/wp-content\/uploads\/2022\/11\/Sistemas-Adaptativos.pdf\">Sistemas Adaptativos<\/a><\/td><td>Sistemas Inteligentes<\/td><td>2-2021<\/td><td>2-2021<\/td><td>3<\/td><td>6<\/td><\/tr><tr><td><a href=\"http:\/\/magister.inf.udec.cl\/wp-content\/uploads\/2022\/11\/Aprendizaje_por_refuerzo.pdf\">Aprendizaje por refuerzo<\/a><\/td><td>Sistemas Inteligentes<\/td><td>2-2021<\/td><td>2-2022<\/td><td>3<\/td><td>6<\/td><\/tr><tr><td><a href=\"http:\/\/www.inf.udec.cl\/wp-content\/uploads\/2017\/11\/EDAvm.pdf\">Estructuras de Datos y Algoritmos <\/a><a href=\"http:\/\/magister.inf.udec.cl\/wp-content\/uploads\/2022\/11\/AlgoritmosAvanzados.pdf\">Avanzados<\/a><\/td><td>Teor\u00eda y M\u00e9todos de Computaci\u00f3n<\/td><td>2-2021<\/td><td>2-2022<\/td><td>3<\/td><td>6<\/td><\/tr><tr><td>Sistemas Din\u00e1micos Discretos<\/td><td>Teor\u00eda y M\u00e9todos de Computaci\u00f3n<\/td><td>1-2021<\/td><td>1-2022 (Por confirmar)<\/td><td>3<\/td><td>6<\/td><\/tr><tr><td><a href=\"http:\/\/magister.inf.udec.cl\/wp-content\/uploads\/2022\/11\/Topicos-en-Complejidad-y-Teoria-de-la-Informacion.pdf\">T\u00f3picos en Complejidad y Teor\u00eda de la Informaci\u00f3n<\/a><\/td><td>Teor\u00eda y M\u00e9todos de Computaci\u00f3n<\/td><td>2-2021<\/td><td>2-2022<\/td><td>3<\/td><td>6<\/td><\/tr><tr><td>T\u00f3picos en Optimizaci\u00f3n Combinatoria<\/td><td>Teor\u00eda y M\u00e9todos de Computaci\u00f3n<\/td><td>2-2021<\/td><td>2-2022<\/td><td>3<\/td><td>6<\/td><\/tr><tr><td><a href=\"http:\/\/magister.inf.udec.cl\/wp-content\/uploads\/2022\/11\/ML_probabilistico_magister.pdf\">Machine learning probabil\u00edstico<\/a><\/td><td>Sistemas Inteligentes<\/td><td>1-2022<\/td><td>1-2022<\/td><td>3<\/td><td>6<\/td><\/tr><tr><td><a href=\"http:\/\/magister.inf.udec.cl\/wp-content\/uploads\/2022\/11\/ProgramaIntroParalela-rev2.pdf\">Introducci\u00f3n a la Computaci\u00f3n Paralela<\/a><\/td><td>Sistemas de Informaci\u00f3n<\/td><td>1-2021<\/td><td>1-2022<\/td><td>3<\/td><td>6<\/td><\/tr><tr><td><a href=\"http:\/\/magister.inf.udec.cl\/wp-content\/uploads\/2022\/11\/DeepLearning_v0.2-1.pdf\">Deep Learning<\/a><\/td><td>Sistemas Inteligentes<\/td><td>1-2021<\/td><td>1-2022<\/td><td>3<\/td><td>6<\/td><\/tr><tr><td><a href=\"http:\/\/magister.inf.udec.cl\/wp-content\/uploads\/2022\/11\/Topicos-de-Inteligencia-Computacional-aplicados-a-Ciberseguridad.pdf\">T\u00f3picos en Inteligencia Computacional y Ciberseguridad<\/a><\/td><td>Sistemas Inteligentes<\/td><td>1-2021<\/td><td>1-2022<\/td><td>3<\/td><td>6<\/td><\/tr><tr><td><a href=\"http:\/\/magister.inf.udec.cl\/wp-content\/uploads\/2022\/11\/DataScience-1.pdf\">Data Science 1: Introducci\u00f3n a la Ciencia de Datos<\/a><\/td><td>Sistemas Inteligentes<\/td><td>2-2021<\/td><td>2-2022<\/td><td>3<\/td><td>6<\/td><\/tr><tr><td><a href=\"http:\/\/magister.inf.udec.cl\/wp-content\/uploads\/2022\/11\/Modelado-de-Sistemas-Multiagentes.pdf\">Modelado de Sistemas Multiagentes<\/a><\/td><td>Sistemas Inteligentes<\/td><td>2-2021<\/td><td>2-2022<\/td><td>3<\/td><td>6<\/td><\/tr><tr><td><\/td><td><\/td><td><\/td><td><\/td><td><\/td><td><\/td><\/tr><tr><td><\/td><td><\/td><td><\/td><td><\/td><td><\/td><td><\/td><\/tr><\/tbody><\/table><\/figure>\n\n\n\n<div class=\"wp-container-2 wp-block-group alignfull\"><div class=\"wp-block-group__inner-container\">\n<div class=\"wp-container-1 wp-block-group alignfull\"><div class=\"wp-block-group__inner-container\"><\/div><\/div>\n<\/div><\/div>\n\n\n\n<h4>Asignaturas Complementarias<strong>&nbsp;<\/strong><\/h4>\n\n\n\n<p>Las asignaturas de especializaci\u00f3n son seleccionadas por el estudiante de acuerdo a sus intereses de investigaci\u00f3n.&nbsp;El estudiante podr\u00e1 cursar estas asignaturas u otras dictadas por otros programas de doctorado de la Universidad, previa aprobaci\u00f3n de su Profesor Gu\u00eda. El estudiante tendr\u00e1 que cursar 1 asignatura complementaria (6 cr\u00e9ditos SCT).<\/p>\n\n\n\n<p>De acuerdo al art\u00edculo 10 del reglamento interno del Programa&nbsp;<em>\u201cse considerar\u00e1n cursos complementarios elegibles para el programa todos aquellos que contribuyan a la formaci\u00f3n en competencias transversales de postgrado, dictados por la Universidad de Concepci\u00f3n u otra Universidad en convenio, previa autorizaci\u00f3n del Comit\u00e9 de Postgrado del programa y ratificado por la Direcci\u00f3n de Postgrado de la Universidad\u201d<\/em>. En este sentido, el Programa no ofrece directamente asignaturas complementarias sino que proporciona al estudiante varias opciones para realizar dichas asignaturas. Una lista no exhaustiva de asignaturas complementarias es la siguiente:<\/p>\n\n\n\n<ul><li>Cursos de ingl\u00e9s comunicativo del CFRD (4 m\u00f3dulos existentes, cada uno equivale a una asignatura).<\/li><li>Del Laboratorio al Mercado: Introducci\u00f3n a la Innovaci\u00f3n Tecnol\u00f3gica y emprendimiento. (Dictado por la Vicerrector\u00eda de Investigaci\u00f3n).<\/li><li>Asignaturas del departamento de idiomas extranjeros (franc\u00e9s, italiano e ingl\u00e9s instrumental).<\/li><li>Asignaturas de Condici\u00f3n f\u00edsica y salud.<\/li><li>Asignatura de literatura.<\/li><li>Asignaturas de otros programas que complementen la formaci\u00f3n. En concreto, existe un acuerdo entre los programas de postgrado del DIICC y los del Departamento de Ingenier\u00eda El\u00e9ctrica (DIE) para que los estudiantes de un programa puedan realizar asignaturas de los programas del otro departamento. El protocolo establece que, antes del inicio del semestre, los programas intercambian su oferta de asignaturas y establecen cu\u00e1les ser\u00e1n ofertadas en otros programas.<\/li><\/ul>\n\n\n\n<h4>Tesis de Grado&nbsp;<\/h4>\n\n\n\n<p>El programa de mag\u00edster otorga el grado de Mag\u00edster en Ciencias de la Computaci\u00f3n a aquellos candidatos que demuestren potencial, capacidad y destreza en investigaci\u00f3n mediante la presentaci\u00f3n de una tesis de grado, la cual debe constituir un aporte original al conocimiento cient\u00edfico del \u00e1rea de especializaci\u00f3n.<\/p>\n\n\n\n<p>Considera la realizaci\u00f3n de un proyecto de investigaci\u00f3n, elaborado y defendido por el candidato bajo la supervisi\u00f3n de un profesor gu\u00eda. Este trabajo tiene un enfoque cient\u00edfico y puede abarcar aplicaciones como tambi\u00e9n investigaci\u00f3n b\u00e1sica de conceptos te\u00f3ricos. La Tesis de Grado es de contenido original y debe dar origen a una publicaci\u00f3n de corriente principal.<\/p>\n\n\n\n<p><\/p>\n","protected":false},"excerpt":{"rendered":"<p>El desarrollo del Programa de Mag\u00edster en Ciencias de la Computaci\u00f3n exige la realizaci\u00f3n de 120 cr\u00e9ditos SCT, distribuidos en asignaturas b\u00e1sicas, de especializaci\u00f3n electivas,&hellip;<\/p>\n","protected":false},"author":1,"featured_media":0,"parent":0,"menu_order":0,"comment_status":"closed","ping_status":"closed","template":"","meta":[],"_links":{"self":[{"href":"https:\/\/magister.inf.udec.cl\/index.php\/wp-json\/wp\/v2\/pages\/44"}],"collection":[{"href":"https:\/\/magister.inf.udec.cl\/index.php\/wp-json\/wp\/v2\/pages"}],"about":[{"href":"https:\/\/magister.inf.udec.cl\/index.php\/wp-json\/wp\/v2\/types\/page"}],"author":[{"embeddable":true,"href":"https:\/\/magister.inf.udec.cl\/index.php\/wp-json\/wp\/v2\/users\/1"}],"replies":[{"embeddable":true,"href":"https:\/\/magister.inf.udec.cl\/index.php\/wp-json\/wp\/v2\/comments?post=44"}],"version-history":[{"count":38,"href":"https:\/\/magister.inf.udec.cl\/index.php\/wp-json\/wp\/v2\/pages\/44\/revisions"}],"predecessor-version":[{"id":317,"href":"https:\/\/magister.inf.udec.cl\/index.php\/wp-json\/wp\/v2\/pages\/44\/revisions\/317"}],"wp:attachment":[{"href":"https:\/\/magister.inf.udec.cl\/index.php\/wp-json\/wp\/v2\/media?parent=44"}],"curies":[{"name":"wp","href":"https:\/\/api.w.org\/{rel}","templated":true}]}}