{"id":136,"date":"2020-06-02T20:38:13","date_gmt":"2020-06-02T20:38:13","guid":{"rendered":"http:\/\/magister.inf.udec.cl\/?page_id=136"},"modified":"2021-10-26T00:03:27","modified_gmt":"2021-10-26T00:03:27","slug":"graduados","status":"publish","type":"page","link":"https:\/\/magister.inf.udec.cl\/index.php\/graduados\/","title":{"rendered":"GRADUADOS"},"content":{"rendered":"\n<figure class=\"wp-block-table is-style-regular\"><table class=\"has-subtle-pale-green-background-color has-background\"><tbody><tr><th><strong>Nombre<\/strong> Graduado<\/th><th><strong>Fecha Defensa<\/strong><\/th><th><strong>Profesor Gu\u00eda<\/strong><\/th><th>T\u00edtulo de <strong>Tesis<\/strong><\/th><\/tr><tr><td>Alexander Irribarra<\/td><td>agosto 2021<\/td><td>Diego Seco<\/td><td>Mejorando las Representaciones Compactas de Grafos Planares<\/td><\/tr><tr><td>Daniela Pinto<\/td><td>mayo 2021<\/td><td>Julio Godoy<br>Pablo Aqueveque<\/td><td>Desarrollo de una Herramienta Inform\u00e1tica para<br>Medici\u00f3n de Equilibrio Est\u00e1tico con Sensores Inerciales<\/td><\/tr><tr><td>Alexis S\u00e1nchez<\/td><td>mayo 2021<\/td><td>Guillermo Cabrera<br>Pablo Huijse<\/td><td>Bayesian parameter estimation in light curves using amortized variational inference<\/td><\/tr><tr><td>Braulio Quiero<\/td><td>abril 2021<\/td><td>Gonzalo Rojas<\/td><td>Visualizaci\u00f3n de Datos para Monitoreo Estructural de Puentes Mediante Desarrollo de Software Dirigido por Modelos<\/td><\/tr><tr><td>Isa\u00edas Huerta<\/td><td>marzo 2021<\/td><td>Roberto As\u00edn-Ach\u00e1<\/td><td>Selecci\u00f3n Autom\u00e1tica de Algoritmo a lo largo del Tiempo para el Problema del Vendedor Viajero<\/td><\/tr><tr><td>Daniel Ortega<\/td><td>marzo 2021<\/td><td>Roberto As\u00edn-Ach\u00e1<\/td><td>Selecci\u00f3n Autom\u00e1tica de Algoritmos Anytime para Coloreo de Grafos<\/td><\/tr><tr><td>Mat\u00edas Lermanda<\/td><td>marzo 2021<\/td><td>Pedro Pinacho<\/td><td>Modelo de Sistema de Detecci\u00f3n de Intrusos en Red Basado en Especies Indicadoras Artificiales<\/td><\/tr><tr><td>Constanza V\u00e1squez<\/td><td>enero 2021<\/td><td>Guillermo Cabrera<br>David Sondak<\/td><td>Deep Image Impainting for Automatic Brain Tumor Extraction Using Weak Labels.<\/td><\/tr><tr><td>David Vidal<\/td><td>septiembre 2020<\/td><td>Diego Seco<br>Andrea Rodr\u00edguez<\/td><td>Representaci\u00f3n de Layouts Curvos Mediante Spline para el Proceso de Preparaci\u00f3n de Datos de M\u00e1scara de Synopsys<\/td><\/tr><tr><td>Meraioth Ulloa<\/td><td>mayo 2020<\/td><td>Andrea Rodr\u00edguez<\/td><td>Modelo de Integraci\u00f3n de Datos de Objetos en Movimiento<\/td><\/tr><tr><td>Manuel P\u00e9rez<\/td><td>octubre 2019<\/td><td>Guillermo Cabrera<\/td><td>Adversal Variational Domain Adaptation for Semi-supervised Image Classification<\/td><\/tr><tr><td>Felipe Glar\u00eda<\/td><td>octubre 2019<\/td><td>Lilian Salinas y Cecilia Hern\u00e1ndez<\/td><td>Dise\u00f1o e Implementaci\u00f3n de M\u00e9todo de Compresi\u00f3n de grafos basado en clustering de cliques maximales<\/td><\/tr><tr><td>Aldo Concha<\/td><td>agosto 2019<\/td><td>Guillermo Cabrera<\/td><td>Puntuaci\u00f3n de Clientes de una Entidad Financiera Mediante T\u00e9cnicas de Miner\u00eda<br>de Datos Sobre un Conjunto de Datos Incompleto<\/td><\/tr><tr><td>Carlos Sep\u00falveda<\/td><td>junio 2019<\/td><td>Diego Seco y Andrea Rodr\u00edguez<\/td><td>Optimizaci\u00f3n en la Creaci\u00f3n de Rect\u00e1ngulos de Cobertura M\u00ednima en \u00cdndices Espaciales<\/td><\/tr><tr><td>Diego Gatica<\/td><td>junio 2019<\/td><td>Andrea Rodr\u00edguez<\/td><td>Implementaci\u00f3n Modelo de Datos Multigranular Basado en Reglas de Inferencias<\/td><\/tr><tr><td>Crist\u00f3bal Donoso<\/td><td>abril 2019<\/td><td>Guillermo Cabrera<\/td><td>An Hybrid Supervised Model to Detect Anomalous Light Curves<\/td><\/tr><tr><td>&nbsp;Andrea V\u00e1squez<\/td><td>abril 2019&nbsp;<\/td><td>Pamela Guevara y Cecilia Hern\u00e1ndez<\/td><td>M\u00e9todo Eficiente de Cl\u00fastering de Fibras Cerebrales Basado en Distribuci\u00f3n de Puntos<\/td><\/tr><tr><td>Nataly Cruces<\/td><td>diciembre 2018<\/td><td>Diego Seco<\/td><td>Representaci\u00f3n compacta para series de tiempo de r\u00e1sters<\/td><\/tr><tr><td>Suilen Hern\u00e1ndez<\/td><td>&nbsp;septiembre 2018<\/td><td>Gonzalo Rojas y Nieves R. Brisaboa<\/td><td>Marco para la Creaci\u00f3n de Operadores de Mutaci\u00f3n, Generaci\u00f3n y Ejecuci\u00f3n Selectiva de Mutantes<\/td><\/tr><tr><td>Rodrigo Rivera<\/td><td>junio 2018<\/td><td>Andrea Rodr\u00edguez y Diego Seco<\/td><td>Estructura de datos eficiente en espacio para manejo de trayectorias sobre redes<\/td><\/tr><tr><td>Daniel Inostroza<\/td><td>abril 2018<\/td><td>Cecilia Hern\u00e1ndez y Diego Seco<\/td><td>Din\u00e1micas del ciclo celular y complejos de prote\u00ednas en el descubrimiento de v\u00edas de se\u00f1alizaci\u00f3n en levadura<\/td><\/tr><tr><td>Javier Gonz\u00e1lez<\/td><td>agosto 2017<\/td><td>Diego Seco<\/td><td>Quadtrees Eficientes en Espacio para Conjuntos de Datos con Cl\u00fasters<\/td><\/tr><tr><td>Diego Palma<\/td><td>marzo 2017<\/td><td>John Atkinson<\/td><td>Ensamble de Modelos Sint\u00e1cticos y Sem\u00e1nticos para la Evaluaci\u00f3n Autom\u00e1tica de Ensayos<\/td><\/tr><tr><td>Jaime V\u00e1zquez<\/td><td>enero 2017<\/td><td>Mar\u00eda Ang\u00e9lica Pinninghoff<\/td><td>Localizaci\u00f3n eficiente en detecci\u00f3n de bordes en im\u00e1genes adaptando el algoritmo ABC<\/td><\/tr><tr><td>Alejandro Pinto<\/td><td>noviembre 2016<\/td><td>Diego Seco<\/td><td>Representaciones Compactas de Matrices con Localidad Espacial<\/td><\/tr><tr><td>Eduardo Mella<\/td><td>enero 2016<\/td><td>Andrea Rodr\u00edguez<\/td><td>Optimizaci\u00f3n Sem\u00e1ntica de Consultas en Bases de Datos Especiales<\/td><\/tr><tr><td>Hans Villagr\u00e1n&nbsp;&nbsp;<\/td><td>noviembre 2015<\/td><td>Mar\u00eda Ang\u00e9lica Pinninghoff<\/td><td>Hibridaci\u00f3n de Algoritmos ACO en Detecci\u00f3n de Bandas en Im\u00e1genes DGGE<\/td><\/tr><tr><td>Jorge Miranda<\/td><td>octubre 2015<\/td><td>Loreto Bravo<\/td><td>Pol\u00edticas de Control de Acceso para RDF<\/td><\/tr><tr><td>Francisco Serrano<\/td><td>junio 2015<\/td><td>Diego Seco<\/td><td>Recomendaci\u00f3n de Puntos de Inter\u00e9s Empleando una Representaci\u00f3n Granular del Tiempo<\/td><\/tr><tr><td>Eduardo Palma<\/td><td>marzo 2015<\/td><td>Lilian Salinas y Julio Aracena<\/td><td>Esquemas Parciales de Actualizaci\u00f3n en Redes Booleanas<\/td><\/tr><tr><td>Cristian Andrades<\/td><td>enero 2015<\/td><td>Andrea Rodr\u00edguez<\/td><td>Geometric Pattern Detection using Signature Extraction<\/td><\/tr><tr><td>Rodrigo Neira<\/td><td>agosto 2014<\/td><td>Ricardo Contreras<\/td><td>Algoritmo Metaheur\u00edstico Basado en Evoluci\u00f3n Horizontal de Microorganismos<\/td><\/tr><tr><td>Adri\u00e1n Del Pino<\/td><td>mayo 2014<\/td><td>Javier Vidal<\/td><td>Interpolaci\u00f3n Morfol\u00f3gica de Im\u00e1genes en Color (Morphological Interpolation of Color Images<\/td><\/tr><tr><td>Erick Elejalde<\/td><td>enero 2014<\/td><td>Leo Ferres<\/td><td>Un Algoritmo de Descomposici\u00f3n de Tareas para el Reconocimiento de Patrones de Texto (A Task Decomposition Algorithm for String Matching)<\/td><\/tr><tr><td>Bruno Karelovic Burotto<\/td><td>diciembre 2012<\/td><td>Julio Aracena<\/td><td>Estudio espacio-temporal de patrones en el modelamiento discreto de la din\u00e1mica delictual<\/td><\/tr><tr><td>Ricardo Segovia Inostroza<\/td><td>noviembre 2012<\/td><td>Loreto Bravo<\/td><td>Consistencia de Pol\u00edticas de Control de Acceso XML para CEDTDs (Consistency of XML Access Control Policies for Chain Extended DTDs)<\/td><\/tr><tr><td>Rodrigo Reyes Cabrera<\/td><td>agosto 2012<\/td><td>Leo Ferres<\/td><td>B\u00fasqueda exacta en secuencias UTF-8: Algoritmos paralelos versus descomposici\u00f3n del dominio en algoritmos secuenciales<\/td><\/tr><tr><td>Marcelo Figueroa Candia<\/td><td>agosto 2012<\/td><td>Andrea Rodr\u00edguez<\/td><td>Propiedades topol\u00f3gicas en redes: un razonamiento cualitativo<\/td><\/tr><tr><td>Carola Figueroa Flores<\/td><td>agosto 2012<\/td><td>Mar\u00eda Ang\u00e9lica Pinninghoff<\/td><td>Identificaci\u00f3n y Cuantificaci\u00f3n de Bandas en Im\u00e1genes DGGE con Algoritmos Basados en Hormigas<\/td><\/tr><tr><td>Carolina Zambrano Matamala<\/td><td>septiembre 2011<\/td><td>Marcela Varas<\/td><td>Modelo Conceptual de Data Warehouse Difuso con manejo de Jerarqu\u00edas Difusas<\/td><\/tr><tr><td>Juan Carlos Figueroa Dur\u00e1n<\/td><td>julio de 2011<\/td><td>Mar\u00eda Ang\u00e9lica Pinninghoff<\/td><td>Uso de ACS Hibridado para la Resoluci\u00f3n de un Problema VRP Multi-Objetivo<\/td><\/tr><tr><td>Sebasti\u00e1n Moraga Garrido<\/td><td>julio de 2011<\/td><td>Ricardo Contreras<\/td><td>Interpolaci\u00f3n Morfol\u00f3gica Adaptativa de formas<\/td><\/tr><tr><td>Jazna Meza Hidalgo<\/td><td>junio de 2011<\/td><td>Andrea Rodr\u00edguez<\/td><td>Medidas de Inconsistencia de una Base de Datos Espacial<\/td><\/tr><tr><td>Leonardo Ramos Zu\u00f1iga<\/td><td>abril de 2011<\/td><td>Gonzalo Rojas<\/td><td>Presentaci\u00f3n adaptativa de contenidos para aplicaciones Web: un enfoque dirigido por modelos<\/td><\/tr><tr><td>Stefano Salvatori Sperso<\/td><td>marzo de 2011<\/td><td>Gonzalo Rojas<\/td><td>Generaci\u00f3n Colaborativa de Perfiles de Usuario para Recomendaciones basadas en Tags.<\/td><\/tr><tr><td>Andr\u00e9s Paiva Maul\u00e9n<\/td><td>marzo de 2011<\/td><td>Ricardo Contreras<\/td><td>Generaci\u00f3n de C\u00f3digo a partir de Modelos Parametrizables<\/td><\/tr><tr><td>Carolina G\u00e1rate Oporto<\/td><td>enero de 2011<\/td><td>Mar\u00eda Ang\u00e9lica Pinninghoff<\/td><td>Correcci\u00f3n de Bandas en Im\u00e1genes RAPD con algoritmo Gen\u00e9tico H\u00edbrido y Thresholding Multinivel.<\/td><\/tr><tr><td>Francisco Dominguez Guti\u00e9rrez<\/td><td>diciembre de 2010<\/td><td>Gonzalo Rojas<\/td><td>Dise\u00f1o e implementaci\u00f3n de sistemas h\u00edbridos de recomendaci\u00f3n: Un enfoque dirigido por modelos.<\/td><\/tr><tr><td>David Moena Quijada<\/td><td>octubre de 2010<\/td><td>Javier Vidal<\/td><td>Grillado de Im\u00e1genes de Microarreglos de ADN usando Self- Organizing- Maps<\/td><\/tr><tr><td>Guillermo Solar Olivares<\/td><td>septiembre de 2010<\/td><td>Andrea Rodr\u00edguez<\/td><td>Aplicaci\u00f3n de Miner\u00eda de Datos- Espacio Temporal en un Estudio de Cambio de Uso de Suelo<\/td><\/tr><tr><td>Paola Moraga Fuentes<\/td><td>mayo de 2010<\/td><td>Ricardo Contreras<\/td><td>M\u00e9tricas para evaluar sitios web de PYMES chilenas<\/td><\/tr><tr><td>German Poo Caama\u00f1o<\/td><td>mayo de 2010<\/td><td>Ricardo Contraras<\/td><td>Tesis Estudio Emp\u00edrico de pr\u00e1cticas de desarrollo de software en proyectos de c\u00f3digo abierto<\/td><\/tr><tr><td>Hugo Hromic Mayorga<\/td><td>enero de 2010<\/td><td>Hugo Hromic<\/td><td>Planificaci\u00f3n de di\u00e1logo en lenguaje natural usando t\u00e9cnicas de aprendizaje autom\u00e1tico<\/td><\/tr><tr><td>Claudio P\u00e9rez C\u00e1rcamo<\/td><td>enero de 2010<\/td><td>John Atkinson<\/td><td>Evaluaci\u00f3n de Reglas de Asociaci\u00f3n en Text Mining Utilizando M\u00e9tricas Sem\u00e1nticas y Estructurales<\/td><\/tr><tr><td>Paulo Gonz\u00e1lez Guti\u00e9rrez<\/td><td>noviembre de 2009<\/td><td>Javier Vidal<\/td><td>Implementaci\u00f3n de Operadores Morfol\u00f3gicos para im\u00e1genes en color<\/td><\/tr><tr><td>Fabi\u00e1n Riquelme Csori<\/td><td>octubre de 2009<\/td><td>Andreas Polymeris<\/td><td>Generaci\u00f3n de Estructuras de Hipergrafos Duales Dif\u00edciles<\/td><\/tr><tr><td>Fernando Guti\u00e9rrez G\u00f3mez<\/td><td>septiembre de 2009<\/td><td>John Atkinson<\/td><td>Un modelo de Retroalimentaci\u00f3n Adaptativo para ICALL<\/td><\/tr><tr><td>Sabina Carrera Sep\u00falveda<\/td><td>julio de 2009<\/td><td>Marcela Varas<\/td><td>Transformacion de Esquemas Multidimensionales Difusos de Nivel Conceptual al Nivel L\u00f3gico<\/td><\/tr><tr><td>V\u00edctor Manuel San Juan Brinck<\/td><td>mayo de 2009<\/td><td>Marcela Varas<\/td><td>Calidad en el desarrollo de aplicaciones Web: Una propuesta metodol\u00f3gica<\/td><\/tr><tr><td>Juan Carlos Rojas Thomas<\/td><td>marzo de 2009<\/td><td>Luis Rueda<\/td><td>Segmentaci\u00f3n de Imag\u00e9nes de Microarreglos de ADN usando T\u00e9cnicas de Reconocimiento<\/td><\/tr><tr><td>Dar\u00edo Rojas D\u00edaz<\/td><td>junio de 2008<\/td><td>Luis Rueda<\/td><td>Segmentaci\u00f3n de Im\u00e1genes de Biofilms<\/td><\/tr><tr><td>Tatiana Guti\u00e9rrez Bunster<\/td><td>junio de 2008<\/td><td>Luis Rueda<\/td><td>Estudio de Caracter\u00edsticas Energ\u00e9ticas en Zonas de Interacci\u00f3n Prote\u00edna-Prote\u00edna para Identificaci\u00f3n de Interacci\u00f3n Transitoria y Permanente<\/td><\/tr><tr><td>Julio Godoy Del Campo<\/td><td>abril de 2008<\/td><td>John Atkinson y Andrea Rodr\u00edguez<\/td><td>Geo-Referenciaci\u00f3n con Adquisici\u00f3n Semi-Autom\u00e1tica de Conocimientos<\/td><\/tr><tr><td>Juan Eduardo Matamala Parra<\/td><td>octubre de 2007<\/td><td>John Atkinson<\/td><td>Estudio y Modelamiento de un Shallow Parser de Textos en Lenguaje Natural Utilizando T\u00e9cnicas de Computaci\u00f3n Evolutiva<\/td><\/tr><tr><td>Elvis Aravena Beltr\u00e1n<\/td><td>octubre de 2007<\/td><td>John Atkinson<\/td><td>Clasificaci\u00f3n Adaptativa para la Identificaci\u00f3n de Informaci\u00f3n Ret\u00f3rica de Textos en Lenguaje Natural<\/td><\/tr><tr><td>Cristian Vidal Silva<\/td><td>septiembre de 2007<\/td><td>Andrea Rodr\u00edguez<\/td><td>Un Marco Formal para Base de Datos Espacio-Temporal Basado en Objetos y Eventos<\/td><\/tr><tr><td>Ram\u00f3n Bilbao Salgado<\/td><td>julio de 2007<\/td><td>Andrea Rodr\u00edguez<\/td><td>Una estrategia de Navegaci\u00f3n Asistida para Conjuntos de \u201cDocumentos de Texto\u201d<\/td><\/tr><tr><td>Carlos Rom\u00e1n Saavedra<\/td><td>julio de 2007<\/td><td>Andrea Rodr\u00edguez<\/td><td>Un Meta \u00cdndice para Acceso a Objetos M\u00f3viles en un Ambiente Distribuido<\/td><\/tr><tr><td>Miguel Romero V\u00e1squez<\/td><td>mayo de 2007<\/td><td>Andrea Rodr\u00edguez<\/td><td>Un lenguaje de consulta para eventos y sus relaciones<\/td><\/tr><tr><td>Alejandro Mauricio Rivas Riquelme<\/td><td>mayo de 2007<\/td><td>John Atkinson<\/td><td>Descubrimientos de relaciones causa-efecto desde documentos en lenguaje natural del \u00e1rea biom\u00e9dica<\/td><\/tr><tr><td>Roberto Krauss Mill\u00e1n<\/td><td>mayo de 2006<\/td><td>Ricardo Contreras<\/td><td>Directores de Costos para aplicaciones Web<\/td><\/tr><tr><td>Sim\u00f3n Smith Bize<\/td><td>marzo de 2006<\/td><td>Andrea Rodr\u00edguez<\/td><td>Detecci\u00f3n y B\u00fasqueda de noticias Basado en Informaci\u00f3n Tem\u00e1tica y Temporal y Espacial<\/td><\/tr><tr><td>Mariella Guti\u00e9rrez Valenzuela<\/td><td>marzo de 2005<\/td><td>Andrea Rodr\u00edguez<\/td><td>Consultando Bases de Datos Heterog\u00e9neas utilizando una Ontolog\u00eda y Funciones de Similitud<\/td><\/tr><tr><td>Virginia Valero Cant\u00fa<\/td><td>noviembre de 2004<\/td><td>Ricardo Contreras<\/td><td>Un Caso de Aplicaci\u00f3n e Algoritmos Gen\u00e9ticos en la L\u00ednea de Producci\u00f3n de una Pyme.<\/td><\/tr><tr><td>Mary Carmen Jarur Mu\u00f1oz<\/td><td>agosto de 2003<\/td><td>Andrea Rodr\u00edguez<\/td><td>B\u00fasqueda de Configuraciones Espaciales Utilizando Algoritmos Gen\u00e9ticos<\/td><\/tr><tr><td>Francisco Godoy Figueroa<\/td><td>abril de 2003<\/td><td>Andrea Rodr\u00edguez<\/td><td>Una Forma de Medir Similitud entre configuraciones Espaciales<\/td><\/tr><tr><td>Mar\u00eda Ang\u00e9lica Caro Guti\u00e9rrez<\/td><td>agosto de 2002<\/td><td>Andreas Polymeris<\/td><td>Desarrollo de una Metodolog\u00eda de apoyo al Proceso de Migraci\u00f3n de Datos Usando un enfoque KDD(Knowledge Discover in Databases)<\/td><\/tr><tr><td>Gonzalo Rojas Dur\u00e1n<\/td><td>agosto de 2002<\/td><td>&nbsp;<\/td><td>Generaci\u00f3n Directa de Procedimientos Algor\u00edtmicos para inserci\u00f3n de Datos desde especificaciones formales Restricciones de Integridad<\/td><\/tr><tr><td>Claudia Jimenez Quintana<\/td><td>mayo de 2002<\/td><td>&nbsp;<\/td><td>Indicadores de Alineamiento entre procesos de Negocios y Sistemas Inform\u00e1ticos<\/td><\/tr><tr><td>Cristhian Aguilera Carrasco<\/td><td>junio de 2001<\/td><td>&nbsp;<\/td><td>Detecci\u00f3n de No- Linealidades Basado en un esquema de Reconocimiento de Patrones Mediante Redes Neuronales<\/td><\/tr><tr><td>Juan Carlos Caro Saldivia<\/td><td>marzo de 2001<\/td><td>&nbsp;<\/td><td>Modelos de Estimaci\u00f3n de Datos por series num\u00e9ricas para la Evaluaci\u00f3n Financiera de Proyectos de Inversi\u00f3n Financiera<\/td><\/tr><tr><td>Rosa \u00c1lvarez D\u00edaz<\/td><td>octubre de 2000<\/td><td>&nbsp;<\/td><td>Minado de reglas de asociaci\u00f3n usando sem\u00e1nticas de la base de datos<\/td><\/tr><tr><td>Pedro Rossel Cid<\/td><td>enero de 2000<\/td><td>&nbsp;<\/td><td>Lenguaje de Especificaci\u00f3n Formal con Representaci\u00f3n Gr\u00e1fica<\/td><\/tr><tr><td>Ang\u00e9lica Urrutia Sep\u00falveda<\/td><td>enero de 2000<\/td><td>&nbsp;<\/td><td>Grado de Normalizaci\u00f3n de Datos Producidos por diferentes M\u00e9todos de Modelaci\u00f3n<\/td><\/tr><tr><td>Mar\u00eda Ang\u00e9lica Pinninghoff Junemann<\/td><td>octubre de 1999<\/td><td>Andreas Polymeris<\/td><td>El Procesos de Reflexi\u00f3n en los sistemas expertos Adaptativos<\/td><\/tr><tr><td>Pedro Salcedo Lagos<\/td><td>mayo de 1999<\/td><td>&nbsp;<\/td><td>Formalizaci\u00f3n de un modelo de Sistema Tutorial Inteligente<\/td><\/tr><tr><td>M\u00f3nica N\u00fa\u00f1ez Vives<\/td><td>agosto de 1998<\/td><td>&nbsp;<\/td><td>Sistema de Comunicaci\u00f3n para la potenciaci\u00f3n de acci\u00f3n en organismos computantes artificiales: Proposici\u00f3n de un modelo formal<\/td><\/tr><tr><td>Marcela Varas Contreras<\/td><td>agosto de 1998<\/td><td>&nbsp;<\/td><td>Formalismo de Representaci\u00f3n de Restricciones de Integridad en esquemas Conceptuales de Bases de Datos<\/td><\/tr><\/tbody><\/table><\/figure>\n","protected":false},"excerpt":{"rendered":"<p>Nombre Graduado Fecha Defensa Profesor Gu\u00eda T\u00edtulo de Tesis Alexander Irribarra agosto 2021 Diego Seco Mejorando las Representaciones Compactas de Grafos Planares Daniela Pinto mayo&hellip;<\/p>\n","protected":false},"author":1,"featured_media":0,"parent":0,"menu_order":0,"comment_status":"closed","ping_status":"closed","template":"","meta":[],"_links":{"self":[{"href":"https:\/\/magister.inf.udec.cl\/index.php\/wp-json\/wp\/v2\/pages\/136"}],"collection":[{"href":"https:\/\/magister.inf.udec.cl\/index.php\/wp-json\/wp\/v2\/pages"}],"about":[{"href":"https:\/\/magister.inf.udec.cl\/index.php\/wp-json\/wp\/v2\/types\/page"}],"author":[{"embeddable":true,"href":"https:\/\/magister.inf.udec.cl\/index.php\/wp-json\/wp\/v2\/users\/1"}],"replies":[{"embeddable":true,"href":"https:\/\/magister.inf.udec.cl\/index.php\/wp-json\/wp\/v2\/comments?post=136"}],"version-history":[{"count":11,"href":"https:\/\/magister.inf.udec.cl\/index.php\/wp-json\/wp\/v2\/pages\/136\/revisions"}],"predecessor-version":[{"id":246,"href":"https:\/\/magister.inf.udec.cl\/index.php\/wp-json\/wp\/v2\/pages\/136\/revisions\/246"}],"wp:attachment":[{"href":"https:\/\/magister.inf.udec.cl\/index.php\/wp-json\/wp\/v2\/media?parent=136"}],"curies":[{"name":"wp","href":"https:\/\/api.w.org\/{rel}","templated":true}]}}